{"id":122,"date":"2024-02-09T12:01:10","date_gmt":"2024-02-09T11:01:10","guid":{"rendered":"http:\/\/kjjujvt.cluster030.hosting.ovh.net\/?page_id=122"},"modified":"2025-04-02T21:50:26","modified_gmt":"2025-04-02T19:50:26","slug":"mes-partenaires","status":"publish","type":"page","link":"https:\/\/will-company.be\/index.php\/mes-partenaires\/","title":{"rendered":"MES PARTENAIRES"},"content":{"rendered":"\n<figure class=\"wp-block-video\"><video controls src=\"https:\/\/will-company.be\/wp-content\/uploads\/2025\/04\/478884191_28769225496058039_7090912657659777718_n.mp4\"><\/video><\/figure>\n\n\n\n<p><\/p>\n\n\n\n<p><\/p>\n\n\n\n<p class=\"has-primary-color has-text-color has-link-color wp-elements-b77fae9b1ba44a452a63f1c479515ba5\">NOUVEAU CAP pour WILL COMPANY : une \u00e9quipe 360\u00b0 pour propulser votre business sereinement !<\/p>\n\n\n\n<p class=\"has-primary-color has-text-color has-link-color wp-elements-7704b8fde51795c226826d12cab92541\"><a><\/a><img loading=\"lazy\" decoding=\"async\" height=\"16\" width=\"16\" alt=\"\ud83d\udd25\" src=\"https:\/\/static.xx.fbcdn.net\/images\/emoji.php\/v9\/t50\/1\/16\/1f525.png\">Le WHY (Pourquoi ?)<\/p>\n\n\n\n<p class=\"has-primary-color has-text-color has-link-color wp-elements-9e124fa3b907853d964841cd150f7fa0\">WILL Company existe pour aider les entrepreneurs \u00e0 se concentrer sur leur c\u0153ur de m\u00e9tier en leur offrant un accompagnement complet, structur\u00e9 et accessible. Trop d\u2019ind\u00e9pendants et de petites structures (moins de 20 collaborateurs) se retrouvent isol\u00e9s face aux d\u00e9fis du d\u00e9veloppement, de la gestion financi\u00e8re, de l\u2019optimisation digitale ou encore de la charge mentale.<\/p>\n\n\n\n<p class=\"has-primary-color has-text-color has-link-color wp-elements-9bb549e38667c866c5580fadbb15efb4\">Je crois en un mod\u00e8le collaboratif et pluridisciplinaire o\u00f9 chaque entrepreneur b\u00e9n\u00e9ficie d\u2019un r\u00e9seau de sp\u00e9cialistes, lui \u00e9vitant ainsi de multiplier les prestataires et les co\u00fbts fixes.<\/p>\n\n\n\n<p class=\"has-primary-color has-text-color has-link-color wp-elements-9d891dbd91ba8b423e7fcbbf3420937e\"><img loading=\"lazy\" decoding=\"async\" height=\"16\" width=\"16\" alt=\"\u27a1\ufe0f\" src=\"https:\/\/static.xx.fbcdn.net\/images\/emoji.php\/v9\/t9e\/1\/16\/27a1.png\"> Notre mission : offrir un accompagnement global et humain aux entrepreneurs pour leur permettre de cro\u00eetre sereinement et durablement.<\/p>\n\n\n\n<p class=\"has-primary-color has-text-color has-link-color wp-elements-50d7a3e3df354e3a3ec6f9b4e389218d\"><img loading=\"lazy\" decoding=\"async\" height=\"16\" width=\"16\" alt=\"\u2699\ufe0f\" src=\"https:\/\/static.xx.fbcdn.net\/images\/emoji.php\/v9\/t8d\/1\/16\/2699.png\">Le HOW (Comment ?)<\/p>\n\n\n\n<p class=\"has-primary-color has-text-color has-link-color wp-elements-e61c6a6a4bdc7175c3608f1bd478bb86\">Un r\u00e9seau de partenaires sp\u00e9cialis\u00e9s, align\u00e9s et int\u00e9gr\u00e9s dans une vision moderne de l\u2019entrepreneuriat !<\/p>\n\n\n\n<p class=\"has-primary-color has-text-color has-link-color wp-elements-e3f1ae45339d68515905c437890ab0f1\">\u00ab Une \u00e9quipe pluridisciplinaire adapt\u00e9e aux besoins des entrepreneurs \u00bb<\/p>\n\n\n\n<p class=\"has-primary-color has-text-color has-link-color wp-elements-88d9316271b8b84f3d96b092ccd01653\"><img loading=\"lazy\" decoding=\"async\" height=\"16\" width=\"16\" alt=\"\u27a1\ufe0f\" src=\"https:\/\/static.xx.fbcdn.net\/images\/emoji.php\/v9\/t9e\/1\/16\/27a1.png\">IA \/ Coaching Business &amp; Commercial <a href=\"https:\/\/www.facebook.com\/dominique.gugumus?__cft__[0]=AZUCdn9nQ2WMMm3zJIcCnFTJlZMXzqZ0CnPvr1cSTUpEV_JU5hL4pPLWjAslVFVLk2CNILC9LWeoG2jTGUWkv9BoKnehyTlkaoxRW0Y6E_BZi8J9VpqjuLgAUpcwFZK3yMSvLVM8UiVEEgNv8F_RiyQ8_GOT7jWQ2Ws4-BfO-J8oYONqlvSmtS_SeRhkQZQUKZKhSLEir2MBgAm87pcSL7yu&amp;__tn__=-]K-R\">Dominique Gugumus<\/a><\/p>\n\n\n\n<p class=\"has-primary-color has-text-color has-link-color wp-elements-5507ad9faf68f5cad1380c447d899f34\"><img loading=\"lazy\" decoding=\"async\" height=\"16\" width=\"16\" alt=\"\u27a1\ufe0f\" src=\"https:\/\/static.xx.fbcdn.net\/images\/emoji.php\/v9\/t9e\/1\/16\/27a1.png\">Digitalisation <a href=\"https:\/\/www.facebook.com\/ysaline.vanwallendael?__cft__[0]=AZUCdn9nQ2WMMm3zJIcCnFTJlZMXzqZ0CnPvr1cSTUpEV_JU5hL4pPLWjAslVFVLk2CNILC9LWeoG2jTGUWkv9BoKnehyTlkaoxRW0Y6E_BZi8J9VpqjuLgAUpcwFZK3yMSvLVM8UiVEEgNv8F_RiyQ8_GOT7jWQ2Ws4-BfO-J8oYONqlvSmtS_SeRhkQZQUKZKhSLEir2MBgAm87pcSL7yu&amp;__tn__=-]K-R\">Ysaline van Wallendael<\/a><\/p>\n\n\n\n<p class=\"has-primary-color has-text-color has-link-color wp-elements-7cb5622fa4b6e5bf7702e81719c4b19d\"><img loading=\"lazy\" decoding=\"async\" height=\"16\" width=\"16\" alt=\"\u27a1\ufe0f\" src=\"https:\/\/static.xx.fbcdn.net\/images\/emoji.php\/v9\/t9e\/1\/16\/27a1.png\">Administration (Stephan Pierrard)<\/p>\n\n\n\n<p class=\"has-primary-color has-text-color has-link-color wp-elements-f56ba4718a36519c6f99a4f744f22eb9\"><img loading=\"lazy\" decoding=\"async\" height=\"16\" width=\"16\" alt=\"\u27a1\ufe0f\" src=\"https:\/\/static.xx.fbcdn.net\/images\/emoji.php\/v9\/t9e\/1\/16\/27a1.png\">Image &amp; Communication <a href=\"https:\/\/www.facebook.com\/josephineosecommunication?__cft__[0]=AZUCdn9nQ2WMMm3zJIcCnFTJlZMXzqZ0CnPvr1cSTUpEV_JU5hL4pPLWjAslVFVLk2CNILC9LWeoG2jTGUWkv9BoKnehyTlkaoxRW0Y6E_BZi8J9VpqjuLgAUpcwFZK3yMSvLVM8UiVEEgNv8F_RiyQ8_GOT7jWQ2Ws4-BfO-J8oYONqlvSmtS_SeRhkQZQUKZKhSLEir2MBgAm87pcSL7yu&amp;__tn__=-]K-R\">Jos\u00e9phine ose<\/a><\/p>\n\n\n\n<p class=\"has-primary-color has-text-color has-link-color wp-elements-062f3a8670d24b8bd637dc0fdb0a81a9\"><img loading=\"lazy\" decoding=\"async\" height=\"16\" width=\"16\" alt=\"\u27a1\ufe0f\" src=\"https:\/\/static.xx.fbcdn.net\/images\/emoji.php\/v9\/t9e\/1\/16\/27a1.png\">Bien-\u00eatre de l\u2019entrepreneur <a href=\"https:\/\/www.facebook.com\/profile.php?id=61557751508276&amp;__cft__[0]=AZUCdn9nQ2WMMm3zJIcCnFTJlZMXzqZ0CnPvr1cSTUpEV_JU5hL4pPLWjAslVFVLk2CNILC9LWeoG2jTGUWkv9BoKnehyTlkaoxRW0Y6E_BZi8J9VpqjuLgAUpcwFZK3yMSvLVM8UiVEEgNv8F_RiyQ8_GOT7jWQ2Ws4-BfO-J8oYONqlvSmtS_SeRhkQZQUKZKhSLEir2MBgAm87pcSL7yu&amp;__tn__=-]K-R\">Catherine Martin Conseil<\/a><\/p>\n\n\n\n<p class=\"has-primary-color has-text-color has-link-color wp-elements-e973176a56c5f88e22fead29d379c5df\"><img loading=\"lazy\" decoding=\"async\" height=\"16\" width=\"16\" alt=\"\u27a1\ufe0f\" src=\"https:\/\/static.xx.fbcdn.net\/images\/emoji.php\/v9\/t9e\/1\/16\/27a1.png\">P\u00f4le de formation (Gestion de tr\u00e9sorerie, management, finance, RGPD, ESG, etc.)<\/p>\n\n\n\n<p class=\"has-primary-color has-text-color has-link-color wp-elements-000036ee3b460b1dfc1a7d1099f1e0c3\"><img loading=\"lazy\" decoding=\"async\" height=\"16\" width=\"16\" alt=\"\ud83c\udfaf\" src=\"https:\/\/static.xx.fbcdn.net\/images\/emoji.php\/v9\/tb0\/1\/16\/1f3af.png\">Le WHAT (Quoi ?)<\/p>\n\n\n\n<p class=\"has-primary-color has-text-color has-link-color wp-elements-1064da393af593992ac1ea29933b6dfe\">Des services sp\u00e9cialis\u00e9s pour les entrepreneurs :<\/p>\n\n\n\n<p class=\"has-primary-color has-text-color has-link-color wp-elements-00b881e64db079dc024fac8f7e30a37b\"><img loading=\"lazy\" decoding=\"async\" height=\"16\" width=\"16\" alt=\"\u2611\ufe0f\" src=\"https:\/\/static.xx.fbcdn.net\/images\/emoji.php\/v9\/t8d\/1\/16\/2611.png\">Accompagnement: Commercial, management, IA.<\/p>\n\n\n\n<p class=\"has-primary-color has-text-color has-link-color wp-elements-01755c21547cdb37ef4fd83f6b758f6a\"><img loading=\"lazy\" decoding=\"async\" height=\"16\" width=\"16\" alt=\"\u2611\ufe0f\" src=\"https:\/\/static.xx.fbcdn.net\/images\/emoji.php\/v9\/t8d\/1\/16\/2611.png\">Digitalisation : automatisation, CRM, sites web, SEO<\/p>\n\n\n\n<p class=\"has-primary-color has-text-color has-link-color wp-elements-a925a92e6a7e4e5835a4015b45061a34\"><img loading=\"lazy\" decoding=\"async\" height=\"16\" width=\"16\" alt=\"\u2611\ufe0f\" src=\"https:\/\/static.xx.fbcdn.net\/images\/emoji.php\/v9\/t8d\/1\/16\/2611.png\">Finance : tr\u00e9sorerie, budget, financement<\/p>\n\n\n\n<p class=\"has-primary-color has-text-color has-link-color wp-elements-9dd3f803be8e975e41a8dca3d4e64b6e\"><img loading=\"lazy\" decoding=\"async\" height=\"16\" width=\"16\" alt=\"\u2611\ufe0f\" src=\"https:\/\/static.xx.fbcdn.net\/images\/emoji.php\/v9\/t8d\/1\/16\/2611.png\">Administration : organisation, gestion des processus<\/p>\n\n\n\n<p class=\"has-primary-color has-text-color has-link-color wp-elements-6085a731f7075c067b3d088426c739bc\"><img loading=\"lazy\" decoding=\"async\" height=\"16\" width=\"16\" alt=\"\u2611\ufe0f\" src=\"https:\/\/static.xx.fbcdn.net\/images\/emoji.php\/v9\/t8d\/1\/16\/2611.png\">Image &amp; communication : branding, cr\u00e9ation de contenu, storytelling<\/p>\n\n\n\n<p class=\"has-primary-color has-text-color has-link-color wp-elements-31e49e172f4a0aba65ac01a0183c58b7\"><img loading=\"lazy\" decoding=\"async\" height=\"16\" width=\"16\" alt=\"\u2611\ufe0f\" src=\"https:\/\/static.xx.fbcdn.net\/images\/emoji.php\/v9\/t8d\/1\/16\/2611.png\">Bien-\u00eatre : pr\u00e9vention du burn-out, gestion du stress, conseils RH<\/p>\n\n\n\n<p class=\"has-primary-color has-text-color has-link-color wp-elements-28962ea1867a4223d1b6a2907540cd2b\">Je crois sinc\u00e8rement en cette approche humaine et en l\u2019id\u00e9e que chacun doit avoir sa chance de R\u00c9USSIR. Bien entour\u00e9 par une \u00e9quipe align\u00e9e et bienveillante, cela devient possible !<\/p>\n\n\n\n<p class=\"has-primary-color has-text-color has-link-color wp-elements-2c657035327759e35d190b22757a5172\">Dominique Gugumus.<\/p>\n","protected":false},"excerpt":{"rendered":"<p>NOUVEAU CAP pour WILL COMPANY : une \u00e9quipe 360\u00b0 pour propulser votre business sereinement ! Le WHY (Pourquoi ?) WILL Company existe pour aider les entrepreneurs \u00e0 se concentrer sur leur c\u0153ur de m\u00e9tier en leur offrant un accompagnement complet, structur\u00e9 et accessible. Trop d\u2019ind\u00e9pendants et de petites structures (moins de 20 collaborateurs) se retrouvent [&hellip;]<\/p>\n","protected":false},"author":1,"featured_media":0,"parent":0,"menu_order":0,"comment_status":"closed","ping_status":"closed","template":"blank","meta":{"footnotes":""},"_links":{"self":[{"href":"https:\/\/will-company.be\/index.php\/wp-json\/wp\/v2\/pages\/122"}],"collection":[{"href":"https:\/\/will-company.be\/index.php\/wp-json\/wp\/v2\/pages"}],"about":[{"href":"https:\/\/will-company.be\/index.php\/wp-json\/wp\/v2\/types\/page"}],"author":[{"embeddable":true,"href":"https:\/\/will-company.be\/index.php\/wp-json\/wp\/v2\/users\/1"}],"replies":[{"embeddable":true,"href":"https:\/\/will-company.be\/index.php\/wp-json\/wp\/v2\/comments?post=122"}],"version-history":[{"count":6,"href":"https:\/\/will-company.be\/index.php\/wp-json\/wp\/v2\/pages\/122\/revisions"}],"predecessor-version":[{"id":472,"href":"https:\/\/will-company.be\/index.php\/wp-json\/wp\/v2\/pages\/122\/revisions\/472"}],"wp:attachment":[{"href":"https:\/\/will-company.be\/index.php\/wp-json\/wp\/v2\/media?parent=122"}],"curies":[{"name":"wp","href":"https:\/\/api.w.org\/{rel}","templated":true}]}}