{"id":239,"date":"2024-02-12T18:53:12","date_gmt":"2024-02-12T17:53:12","guid":{"rendered":"https:\/\/will-company.be\/?page_id=239"},"modified":"2024-02-14T18:17:27","modified_gmt":"2024-02-14T17:17:27","slug":"mon-histoire","status":"publish","type":"page","link":"https:\/\/will-company.be\/index.php\/mon-histoire\/","title":{"rendered":"Mon Histoire"},"content":{"rendered":"\n<figure class=\"wp-block-image size-full is-resized\"><a href=\"https:\/\/will-company.be\/\"><img loading=\"lazy\" decoding=\"async\" width=\"164\" height=\"148\" src=\"https:\/\/will-company.be\/wp-content\/uploads\/2024\/02\/home-4.png\" alt=\"\" class=\"wp-image-374\" style=\"width:73px;height:auto\"\/><\/a><\/figure>\n\n\n\n<figure class=\"wp-block-image size-full\"><img loading=\"lazy\" decoding=\"async\" width=\"402\" height=\"372\" src=\"https:\/\/will-company.be\/wp-content\/uploads\/2024\/02\/dom-1.png\" alt=\"\" class=\"wp-image-312\" srcset=\"https:\/\/will-company.be\/wp-content\/uploads\/2024\/02\/dom-1.png 402w, https:\/\/will-company.be\/wp-content\/uploads\/2024\/02\/dom-1-300x278.png 300w\" sizes=\"(max-width: 402px) 100vw, 402px\" \/><\/figure>\n\n\n\n<p class=\"has-primary-color has-text-color has-link-color wp-elements-1bee42ae69deb9206e1804cd7006b14c\">Mon enthousiasme est viral&nbsp;!<\/p>\n\n\n\n<p class=\"has-primary-color has-text-color has-link-color wp-elements-b4837e2078f46af901066bf2f9069dba\">Ag\u00e9 de 51 ans, il \u00e9tait temps pour moi de me lancer dans une nouvelle aventure professionnelle.<\/p>\n\n\n\n<p class=\"has-primary-color has-text-color has-link-color wp-elements-21ff35d22d9006edb6d5e20075623517\">Il m\u2019a paru \u00e9vident de cr\u00e9er une activit\u00e9 qui me ressemble, une activit\u00e9 en parfaite ligne avec mes valeurs et le sens que je souhaite donner \u00e0 ma vie.<\/p>\n\n\n\n<p class=\"has-primary-color has-text-color has-link-color wp-elements-b6e9883641535d2e1ac5053b97b39f19\">Je m\u2019estime tr\u00e8s heureux car mon parcours professionnel a \u00e9t\u00e9 jusque maintenant riche d\u2019exp\u00e9riences enrichissantes et de belles rencontres.<\/p>\n\n\n\n<p class=\"has-primary-color has-text-color has-link-color wp-elements-111a79af5fc86fd7589dd83682b30c83\">5 ann\u00e9es dans le domaine du contr\u00f4le de gestion, 13 ann\u00e9es dans le domaine de la finance dans une banque Luxembourgeoise de renom et 13 ann\u00e9es en tant qu\u2019agent ind\u00e9pendant chez Belfius Banque et Assurances ont forg\u00e9 qui je suis maintenant.<\/p>\n\n\n\n<p class=\"has-primary-color has-text-color has-link-color wp-elements-2333260082a402cd6df106d1a670ad5a\">Je crois en l\u2019homme, en ses projets et \u00e0 sa facult\u00e9 \u00e0 les concr\u00e9tiser. Il existe autant de chemins \u00e0 suivre que d\u2019Hommes et ma volont\u00e9 est de pouvoir les accompagner au mieux.<\/p>\n\n\n\n<p class=\"has-primary-color has-text-color has-link-color wp-elements-df3d3a87807ee060a7eaeffb3935805b\">Pour y arriver, je vous propose une offre qui se d\u00e9cline en 4 programmes&nbsp;: <\/p>\n\n\n\n<ul class=\"has-primary-color has-text-color has-link-color wp-elements-72d379e375a68abe25f809696a237699\">\n<li>JUMP (changements de vie), <\/li>\n\n\n\n<li>PEPITES (gestion de croissance, prise de hauteur et mise en r\u00e9seau), <\/li>\n\n\n\n<li>HEROES (coaching commercial, alignement et identit\u00e9, consulting),<\/li>\n\n\n\n<li> FUN (esprit d&rsquo;\u00e9quipe et performance).<\/li>\n<\/ul>\n\n\n\n<p class=\"has-primary-color has-text-color has-link-color wp-elements-8d1254993431fb61b35fb9d7cf468fe5\">Ces 4 programmes sont bri\u00e8vement d\u00e9crits dans ce site, mais pour moi rien ne vaut un bon vieux contact face to face pour \u00e9laborer un accompagnement sur mesure.<\/p>\n\n\n\n<p class=\"has-primary-color has-text-color has-link-color wp-elements-9eaa640e3ec46d1ce71fddf310672c32\">Mon r\u00e9seau, mon exp\u00e9rience manag\u00e9riale, ma niaque commerciale sont \u00e0 votre service.<\/p>\n\n\n\n<p class=\"has-primary-color has-text-color has-link-color wp-elements-e93f307eccd89ec02d0282f64690decc\">A vous de voir.<\/p>\n\n\n\n<p class=\"has-primary-color has-text-color has-link-color wp-elements-4f171ab98002b66874406e9c366542b0\"> <\/p>\n","protected":false},"excerpt":{"rendered":"<p>Mon enthousiasme est viral&nbsp;! Ag\u00e9 de 51 ans, il \u00e9tait temps pour moi de me lancer dans une nouvelle aventure professionnelle. Il m\u2019a paru \u00e9vident de cr\u00e9er une activit\u00e9 qui me ressemble, une activit\u00e9 en parfaite ligne avec mes valeurs et le sens que je souhaite donner \u00e0 ma vie. Je m\u2019estime tr\u00e8s heureux car [&hellip;]<\/p>\n","protected":false},"author":1,"featured_media":0,"parent":0,"menu_order":0,"comment_status":"closed","ping_status":"closed","template":"blank","meta":{"footnotes":""},"_links":{"self":[{"href":"https:\/\/will-company.be\/index.php\/wp-json\/wp\/v2\/pages\/239"}],"collection":[{"href":"https:\/\/will-company.be\/index.php\/wp-json\/wp\/v2\/pages"}],"about":[{"href":"https:\/\/will-company.be\/index.php\/wp-json\/wp\/v2\/types\/page"}],"author":[{"embeddable":true,"href":"https:\/\/will-company.be\/index.php\/wp-json\/wp\/v2\/users\/1"}],"replies":[{"embeddable":true,"href":"https:\/\/will-company.be\/index.php\/wp-json\/wp\/v2\/comments?post=239"}],"version-history":[{"count":6,"href":"https:\/\/will-company.be\/index.php\/wp-json\/wp\/v2\/pages\/239\/revisions"}],"predecessor-version":[{"id":399,"href":"https:\/\/will-company.be\/index.php\/wp-json\/wp\/v2\/pages\/239\/revisions\/399"}],"wp:attachment":[{"href":"https:\/\/will-company.be\/index.php\/wp-json\/wp\/v2\/media?parent=239"}],"curies":[{"name":"wp","href":"https:\/\/api.w.org\/{rel}","templated":true}]}}