{"id":244,"date":"2024-02-12T18:58:35","date_gmt":"2024-02-12T17:58:35","guid":{"rendered":"https:\/\/will-company.be\/?page_id=244"},"modified":"2024-08-01T16:08:00","modified_gmt":"2024-08-01T14:08:00","slug":"articles-2","status":"publish","type":"page","link":"https:\/\/will-company.be\/index.php\/will-company\/articles-2\/","title":{"rendered":"Articles"},"content":{"rendered":"\n<figure class=\"wp-block-image size-full is-resized\"><a href=\"https:\/\/will-company.be\/\"><img loading=\"lazy\" decoding=\"async\" width=\"164\" height=\"148\" src=\"https:\/\/will-company.be\/wp-content\/uploads\/2024\/02\/home-9.png\" alt=\"\" class=\"wp-image-385\" style=\"width:72px;height:auto\"\/><\/a><\/figure>\n\n\n\n<figure class=\"wp-block-gallery has-nested-images columns-default is-cropped wp-block-gallery-1 is-layout-flex wp-block-gallery-is-layout-flex\">\n<figure class=\"wp-block-image size-full\"><img loading=\"lazy\" decoding=\"async\" width=\"1024\" height=\"1792\" data-id=\"439\" src=\"https:\/\/will-company.be\/wp-content\/uploads\/2024\/08\/file-OwRR6gb3R9LC5YAJfYrEL5iY.jpg\" alt=\"\" class=\"wp-image-439\" srcset=\"https:\/\/will-company.be\/wp-content\/uploads\/2024\/08\/file-OwRR6gb3R9LC5YAJfYrEL5iY.jpg 1024w, https:\/\/will-company.be\/wp-content\/uploads\/2024\/08\/file-OwRR6gb3R9LC5YAJfYrEL5iY-171x300.jpg 171w, https:\/\/will-company.be\/wp-content\/uploads\/2024\/08\/file-OwRR6gb3R9LC5YAJfYrEL5iY-585x1024.jpg 585w, https:\/\/will-company.be\/wp-content\/uploads\/2024\/08\/file-OwRR6gb3R9LC5YAJfYrEL5iY-768x1344.jpg 768w, https:\/\/will-company.be\/wp-content\/uploads\/2024\/08\/file-OwRR6gb3R9LC5YAJfYrEL5iY-878x1536.jpg 878w\" sizes=\"(max-width: 1024px) 100vw, 1024px\" \/><\/figure>\n<\/figure>\n\n\n\n<p id=\"ember435\"><strong>Ton pr\u00e9nom?<\/strong><\/p>\n\n\n\n<p class=\"has-primary-color has-text-color has-link-color has-upper-heading-font-size wp-elements-ce387adf12f4a5ad3ae5a6282b1d1608\"><strong>D\u00e9couvrez le Programme CYBORG de Will Company<\/strong><\/p>\n\n\n\n<p class=\"has-primary-color has-text-color has-link-color wp-elements-91dc9cbdf9de75d3bb2d87a7c0b19ae0\"><strong>Lib\u00e9rez le Potentiel de l&rsquo;Intelligence Artificielle pour Booster Votre Activit\u00e9<\/strong><\/p>\n\n\n\n<p class=\"has-primary-color has-text-color has-link-color wp-elements-01a74a7c0e2c4d731d0a1a0cfc286cee\">Chez Will Company, nous croyons fermement que l\u2019Intelligence Artificielle (IA) est la cl\u00e9 pour r\u00e9volutionner le monde professionnel et donner un nouvel \u00e9lan \u00e0 votre entreprise. C&rsquo;est pourquoi nous avons cr\u00e9\u00e9 <strong>CYBORG<\/strong>, un programme sur mesure con\u00e7u pour vous accompagner dans l\u2019int\u00e9gration et l\u2019exploitation de l\u2019IA au c\u0153ur de vos op\u00e9rations.<\/p>\n\n\n\n<p class=\"has-primary-color has-text-color has-link-color wp-elements-516b89b47a1c007135a9f169878ece7c\"><strong>Pourquoi Choisir le Programme CYBORG ?<\/strong><\/p>\n\n\n\n<p class=\"has-primary-color has-text-color has-link-color wp-elements-d7df63ee862cb11b0f7088568dbfd371\"><strong>CYBORG<\/strong> n&rsquo;est pas seulement une formation, c&rsquo;est une v\u00e9ritable transformation. Gr\u00e2ce \u00e0 notre expertise, vous apprendrez \u00e0 ma\u00eetriser les outils d\u2019IA pour optimiser votre productivit\u00e9, am\u00e9liorer vos processus d\u00e9cisionnels et vous d\u00e9marquer sur un march\u00e9 en constante \u00e9volution.<\/p>\n\n\n\n<p class=\"has-primary-color has-text-color has-link-color wp-elements-0650cdfc8633b01ffc1f5b4bf66d49bf\"><strong>Les avantages du programme CYBORG :<\/strong><\/p>\n\n\n\n<ul class=\"has-primary-color has-text-color has-link-color wp-elements-f594e61fbb08dc3517e6fb2eb2001fe5\">\n<li><strong>Gagner en efficacit\u00e9 :<\/strong> Automatisez les t\u00e2ches r\u00e9p\u00e9titives pour vous concentrer sur ce qui compte vraiment.<\/li>\n\n\n\n<li><strong>Prendre de meilleures d\u00e9cisions :<\/strong> Utilisez des analyses de donn\u00e9es avanc\u00e9es pour orienter votre strat\u00e9gie avec pr\u00e9cision.<\/li>\n\n\n\n<li><strong>Optimiser votre communication :<\/strong> Am\u00e9liorez l&rsquo;impact de vos messages gr\u00e2ce \u00e0 des outils d&rsquo;IA adapt\u00e9s.<\/li>\n\n\n\n<li><strong>Accro\u00eetre votre productivit\u00e9 :<\/strong> Augmentez votre chiffre d&rsquo;affaires en maximisant votre potentiel commercial.<\/li>\n<\/ul>\n\n\n\n<p class=\"has-primary-color has-text-color has-link-color wp-elements-9bee84fdb5c00a995c54d21c50151fa0\"><strong>Deux Modules Essentiels<\/strong><\/p>\n\n\n\n<p class=\"has-primary-color has-text-color has-link-color wp-elements-7c7c3054b9f020d24ddb0dd3eb5866a2\"><strong>Module 1 :<\/strong> <strong>Introduction \u00e0 l\u2019IA<\/strong><br><em>Dur\u00e9e : 4 heures<\/em><br>D\u00e9couvrez ce qu\u2019est l\u2019Intelligence Artificielle, son fonctionnement, et comment elle peut transformer votre activit\u00e9. Ce module vous donnera une vue d&rsquo;ensemble des technologies actuelles et de leur application dans le monde des affaires.<\/p>\n\n\n\n<p class=\"has-primary-color has-text-color has-link-color wp-elements-441d03e011022e9e474ed35821261961\"><strong>Module 2 :<\/strong> <strong>L\u2019IA au Service de votre Activit\u00e9 Commerciale<\/strong><br>Apprenez \u00e0 int\u00e9grer l\u2019IA dans votre strat\u00e9gie commerciale. Que ce soit pour la prospection, la pr\u00e9paration d\u2019entretiens commerciaux, la cr\u00e9ation de prompts sur mesure ou le suivi client\u00e8le, ce module vous fournira les outils n\u00e9cessaires pour tirer parti de l&rsquo;IA et propulser votre entreprise vers de nouveaux sommets.<\/p>\n\n\n\n<p class=\"has-primary-color has-text-color has-link-color wp-elements-2673a962991d1bfbd4159226b3b9abb5\"><strong>T\u00e9moignages de Clients Satisfaits<\/strong><\/p>\n\n\n\n<p class=\"has-primary-color has-text-color has-link-color wp-elements-6216deb01c377a93fd4a8f26e7c09c90\">\u00ab\u00a0Gr\u00e2ce au programme CYBORG, nous avons r\u00e9ussi \u00e0 automatiser notre processus de prospection, ce qui nous a permis d&rsquo;augmenter notre chiffre d&rsquo;affaires de 30 % en seulement trois mois.\u00a0\u00bb \u2013 <strong>Sophie L., Directrice Commerciale<\/strong><\/p>\n\n\n\n<p class=\"has-primary-color has-text-color has-link-color wp-elements-b0e2774df12b50dede314c3cbb201c11\">\u00ab\u00a0CYBORG a chang\u00e9 notre fa\u00e7on de travailler. L&rsquo;IA nous aide maintenant \u00e0 prendre des d\u00e9cisions \u00e9clair\u00e9es et \u00e0 optimiser notre temps.\u00a0\u00bb \u2013 <strong>Marc D., CEO<\/strong><\/p>\n\n\n\n<p class=\"has-primary-color has-text-color has-link-color wp-elements-8cd083ccd45b87a7873f5c3c3935d9ac\"><strong>Pr\u00eat \u00e0 Rejoindre la R\u00e9volution IA ?<\/strong><\/p>\n\n\n\n<p class=\"has-primary-color has-text-color has-link-color wp-elements-a7998044b9a05ca02eaf614db9931b33\">Ne manquez pas l&rsquo;opportunit\u00e9 de transformer votre entreprise avec le programme <strong>CYBORG<\/strong>. Contactez-nous d\u00e8s aujourd&rsquo;hui pour plus d&rsquo;informations et inscrivez-vous pour d\u00e9couvrir comment l\u2019IA peut devenir votre meilleur collaborateur.<\/p>\n","protected":false},"excerpt":{"rendered":"<p>Ton pr\u00e9nom? D\u00e9couvrez le Programme CYBORG de Will Company Lib\u00e9rez le Potentiel de l&rsquo;Intelligence Artificielle pour Booster Votre Activit\u00e9 Chez Will Company, nous croyons fermement que l\u2019Intelligence Artificielle (IA) est la cl\u00e9 pour r\u00e9volutionner le monde professionnel et donner un nouvel \u00e9lan \u00e0 votre entreprise. C&rsquo;est pourquoi nous avons cr\u00e9\u00e9 CYBORG, un programme sur mesure [&hellip;]<\/p>\n","protected":false},"author":1,"featured_media":0,"parent":275,"menu_order":0,"comment_status":"closed","ping_status":"closed","template":"blank","meta":{"footnotes":""},"_links":{"self":[{"href":"https:\/\/will-company.be\/index.php\/wp-json\/wp\/v2\/pages\/244"}],"collection":[{"href":"https:\/\/will-company.be\/index.php\/wp-json\/wp\/v2\/pages"}],"about":[{"href":"https:\/\/will-company.be\/index.php\/wp-json\/wp\/v2\/types\/page"}],"author":[{"embeddable":true,"href":"https:\/\/will-company.be\/index.php\/wp-json\/wp\/v2\/users\/1"}],"replies":[{"embeddable":true,"href":"https:\/\/will-company.be\/index.php\/wp-json\/wp\/v2\/comments?post=244"}],"version-history":[{"count":6,"href":"https:\/\/will-company.be\/index.php\/wp-json\/wp\/v2\/pages\/244\/revisions"}],"predecessor-version":[{"id":441,"href":"https:\/\/will-company.be\/index.php\/wp-json\/wp\/v2\/pages\/244\/revisions\/441"}],"up":[{"embeddable":true,"href":"https:\/\/will-company.be\/index.php\/wp-json\/wp\/v2\/pages\/275"}],"wp:attachment":[{"href":"https:\/\/will-company.be\/index.php\/wp-json\/wp\/v2\/media?parent=244"}],"curies":[{"name":"wp","href":"https:\/\/api.w.org\/{rel}","templated":true}]}}