{"id":256,"date":"2024-02-12T19:18:03","date_gmt":"2024-02-12T18:18:03","guid":{"rendered":"https:\/\/will-company.be\/?page_id=256"},"modified":"2025-11-18T16:19:30","modified_gmt":"2025-11-18T15:19:30","slug":"fun-2-2","status":"publish","type":"page","link":"https:\/\/will-company.be\/index.php\/fun-2-2\/","title":{"rendered":"FUN"},"content":{"rendered":"\n<figure class=\"wp-block-image size-full is-resized\"><a href=\"https:\/\/will-company.be\/\"><img loading=\"lazy\" decoding=\"async\" width=\"164\" height=\"148\" src=\"https:\/\/will-company.be\/wp-content\/uploads\/2024\/02\/home.png\" alt=\"\" class=\"wp-image-360\" style=\"width:62px;height:auto\"\/><\/a><\/figure>\n\n\n\n<figure class=\"wp-block-image size-large\"><img loading=\"lazy\" decoding=\"async\" width=\"819\" height=\"1024\" src=\"https:\/\/will-company.be\/wp-content\/uploads\/2025\/11\/Navy-and-Orange-Modern-Corporate-Business-Training-Poster-12-819x1024.png\" alt=\"\" class=\"wp-image-476\" srcset=\"https:\/\/will-company.be\/wp-content\/uploads\/2025\/11\/Navy-and-Orange-Modern-Corporate-Business-Training-Poster-12-819x1024.png 819w, https:\/\/will-company.be\/wp-content\/uploads\/2025\/11\/Navy-and-Orange-Modern-Corporate-Business-Training-Poster-12-240x300.png 240w, https:\/\/will-company.be\/wp-content\/uploads\/2025\/11\/Navy-and-Orange-Modern-Corporate-Business-Training-Poster-12-768x960.png 768w, https:\/\/will-company.be\/wp-content\/uploads\/2025\/11\/Navy-and-Orange-Modern-Corporate-Business-Training-Poster-12-1229x1536.png 1229w, https:\/\/will-company.be\/wp-content\/uploads\/2025\/11\/Navy-and-Orange-Modern-Corporate-Business-Training-Poster-12-1638x2048.png 1638w\" sizes=\"(max-width: 819px) 100vw, 819px\" \/><\/figure>\n\n\n\n<p class=\"has-primary-color has-text-color has-link-color wp-elements-781e7b61b7cbc337aace8abc53d2c960\">Inscription : https:\/\/will-company.odoo.com\/event\/atelier-ia-chatgpt-skills-7\/register<\/p>\n\n\n\n<p class=\"has-tertiary-color has-text-color has-link-color wp-elements-3bff40ab46d5b1b7e559805ab873a877\"><img loading=\"lazy\" decoding=\"async\" height=\"16\" width=\"16\" alt=\"\ud83d\ude80\" src=\"https:\/\/static.xx.fbcdn.net\/images\/emoji.php\/v9\/tc6\/1\/16\/1f680.png\"> Dernier Atelier IA &amp; ChatGPT Skills de l\u2019ann\u00e9e !<\/p>\n\n\n\n<p class=\"has-tertiary-color has-text-color has-link-color wp-elements-b5abd560dbd2e62d879691161eabac9a\"><img loading=\"lazy\" decoding=\"async\" height=\"16\" width=\"16\" alt=\"\ud83d\udcc5\" src=\"https:\/\/static.xx.fbcdn.net\/images\/emoji.php\/v9\/t7e\/1\/16\/1f4c5.png\"> Mercredi 3 d\u00e9cembre 2025 | <img loading=\"lazy\" decoding=\"async\" height=\"16\" width=\"16\" alt=\"\ud83d\udd58\" src=\"https:\/\/static.xx.fbcdn.net\/images\/emoji.php\/v9\/tb0\/1\/16\/1f558.png\"> 9h00 \u2013 16h30<\/p>\n\n\n\n<p class=\"has-tertiary-color has-text-color has-link-color wp-elements-6ba2db8558f9f988979eae1fcc81f714\"><img loading=\"lazy\" decoding=\"async\" height=\"16\" width=\"16\" alt=\"\ud83d\udccd\" src=\"https:\/\/static.xx.fbcdn.net\/images\/emoji.php\/v9\/t2d\/1\/16\/1f4cd.png\"> B<a><\/a>-Space Coworking, Bertrix<\/p>\n\n\n\n<p class=\"has-tertiary-color has-text-color has-link-color wp-elements-5d1dc7f2d592940579df3075d11b7ff4\">Et toi, tu veux \u201cIA\u201d_ller plus loin ? <img loading=\"lazy\" decoding=\"async\" height=\"16\" width=\"16\" alt=\"\ud83d\ude0f\" src=\"https:\/\/static.xx.fbcdn.net\/images\/emoji.php\/v9\/t4\/1\/16\/1f60f.png\"><\/p>\n\n\n\n<p class=\"has-tertiary-color has-text-color has-link-color wp-elements-9bba7126cadc052d01b41952bd79288d\">Une journ\u00e9e compl\u00e8te pour d\u00e9couvrir, comprendre et int\u00e9grer l\u2019intelligence artificielle dans ton quotidien professionnel.<\/p>\n\n\n\n<p class=\"has-tertiary-color has-text-color has-link-color wp-elements-18bdd8ab9647442d57e5824a606d94ff\">Que tu sois ind\u00e9pendant, dirigeant de PME, porteur de projet ou responsable d\u2019ASBL, cet atelier est fait pour toi !<\/p>\n\n\n\n<p class=\"has-primary-color has-text-color has-link-color wp-elements-b16d3d1fb095634c9c097a1acff2a7fc\"><img loading=\"lazy\" decoding=\"async\" height=\"16\" width=\"16\" alt=\"\ud83d\udca1\" src=\"https:\/\/static.xx.fbcdn.net\/images\/emoji.php\/v9\/t3c\/1\/16\/1f4a1.png\"> Au programme :<\/p>\n\n\n\n<p class=\"has-primary-color has-text-color has-link-color wp-elements-df242b71c35260e19d4d303c6030dfe5\">\u2022 Cas d\u2019usage concrets et accessibles<\/p>\n\n\n\n<p class=\"has-primary-color has-text-color has-link-color wp-elements-e9c4a5b70c466e601ce77bef74b6de91\">\u2022 Optimisation de tes t\u00e2ches avec l\u2019IA<\/p>\n\n\n\n<p class=\"has-primary-color has-text-color has-link-color wp-elements-c42e9235049716eaf1a938e44581f7af\">\u2022 R\u00e9daction de prompts efficaces &amp; automatisations avec ChatGPT<\/p>\n\n\n\n<p class=\"has-primary-color has-text-color has-link-color wp-elements-bb7dbd7669990fcf525a421937acaf4d\">\u2022 D\u00e9couverte de Mistral AI &amp; Claude<\/p>\n\n\n\n<p class=\"has-primary-color has-text-color has-link-color wp-elements-37b7d4e038a2e4e0b02069bd6210448e\">\u2022 Introduction aux agents IA et cr\u00e9ation de ton premier GPT personnalis\u00e9<\/p>\n\n\n\n<p class=\"has-primary-color has-text-color has-link-color wp-elements-51fcebaaab27ea7e1f9fca069ad18d26\">\u2022 Exercices pratiques adapt\u00e9s \u00e0 ton activit\u00e9<\/p>\n\n\n\n<p class=\"has-primary-color has-text-color has-link-color wp-elements-1a9283404425c2ed7b8c856d17bf7bd7\"><img loading=\"lazy\" decoding=\"async\" height=\"16\" width=\"16\" alt=\"\ud83c\udf81\" src=\"https:\/\/static.xx.fbcdn.net\/images\/emoji.php\/v9\/t84\/1\/16\/1f381.png\"> Bonus : repars avec le Prompt Book exclusif sign\u00e9 Will Company.<\/p>\n\n\n\n<p class=\"has-primary-color has-text-color has-link-color wp-elements-05e9f9c8db81fbb270d5ea72d1c8debf\"><img loading=\"lazy\" decoding=\"async\" height=\"16\" width=\"16\" alt=\"\ud83d\udc65\" src=\"https:\/\/static.xx.fbcdn.net\/images\/emoji.php\/v9\/t8b\/1\/16\/1f465.png\"> Groupe limit\u00e9 \u00e0 10 participants pour un accompagnement personnalis\u00e9.<\/p>\n\n\n\n<p class=\"has-primary-color has-text-color has-link-color wp-elements-73b1b1c52d9bc93ccb6373e8259796fe\"><img loading=\"lazy\" decoding=\"async\" height=\"16\" width=\"16\" alt=\"\ud83d\udcb0\" src=\"https:\/\/static.xx.fbcdn.net\/images\/emoji.php\/v9\/t5a\/1\/16\/1f4b0.png\"> 135 \u20ac TTC \/ participant (boissons, lunch &amp; collations inclus).<\/p>\n\n\n\n<p class=\"has-primary-color has-text-color has-link-color wp-elements-70dc72e664163f7727281ef83b9ff752\">Apporte ton PC, tes id\u00e9es et tes questions\u2026 et repars pr\u00eat(e) \u00e0 int\u00e9grer l\u2019IA dans ton business !<\/p>\n\n\n\n<p class=\"has-primary-color has-text-color has-link-color wp-elements-6975d8b0d967357da66a8279ab78eec3\"><img loading=\"lazy\" decoding=\"async\" height=\"16\" width=\"16\" alt=\"\ud83d\udc49\" src=\"https:\/\/static.xx.fbcdn.net\/images\/emoji.php\/v9\/t51\/1\/16\/1f449.png\"> Ils en parlent mieux que nous : Avis participants<\/p>\n\n\n\n<p class=\"has-primary-color has-text-color has-link-color wp-elements-c3a051ecbaa27bd379764cb8323070e9\"><img loading=\"lazy\" decoding=\"async\" height=\"16\" width=\"16\" alt=\"\ud83d\udce9\" src=\"https:\/\/static.xx.fbcdn.net\/images\/emoji.php\/v9\/tc0\/1\/16\/1f4e9.png\"> Infos &amp; contact : info@will-company.be<\/p>\n\n\n\n<p class=\"has-primary-color has-text-color has-link-color wp-elements-23a8dd3d061219c91b0e6b6f869abbd2\">| <img loading=\"lazy\" decoding=\"async\" height=\"16\" width=\"16\" alt=\"\ud83d\udcde\" src=\"https:\/\/static.xx.fbcdn.net\/images\/emoji.php\/v9\/t4d\/1\/16\/1f4de.png\"> 0473 999 099<\/p>\n\n\n\n<p class=\"has-primary-color has-text-color has-link-color wp-elements-04ed04c168c99b9eb5aa2524f6741062\"><img loading=\"lazy\" decoding=\"async\" height=\"16\" width=\"16\" alt=\"\ud83d\udd17\" src=\"https:\/\/static.xx.fbcdn.net\/images\/emoji.php\/v9\/tb3\/1\/16\/1f517.png\"> Inscription : <a href=\"https:\/\/will-company.odoo.com\/event\/atelier-ia-chatgpt-skills-7\/register?fbclid=IwZXh0bgNhZW0CMTAAYnJpZBExV1NEQTJBOHY0TnhiU05pc3NydGMGYXBwX2lkEDIyMjAzOTE3ODgyMDA4OTIAAR4TwGjR1bTzfdRGim1ZGpXy3yBFi8rksykoCJcyhzLvC9ZKm2lhoDUCW3rq3g_aem_KABs41eluDENBslCnPw8fg\" rel=\"noreferrer noopener\" target=\"_blank\">https:\/\/will-company.odoo.com\/&#8230;\/atelier-ia&#8230;\/register<\/a><\/p>\n","protected":false},"excerpt":{"rendered":"<p>Inscription : https:\/\/will-company.odoo.com\/event\/atelier-ia-chatgpt-skills-7\/register Dernier Atelier IA &amp; ChatGPT Skills de l\u2019ann\u00e9e ! Mercredi 3 d\u00e9cembre 2025 | 9h00 \u2013 16h30 B-Space Coworking, Bertrix Et toi, tu veux \u201cIA\u201d_ller plus loin ? Une journ\u00e9e compl\u00e8te pour d\u00e9couvrir, comprendre et int\u00e9grer l\u2019intelligence artificielle dans ton quotidien professionnel. Que tu sois ind\u00e9pendant, dirigeant de PME, porteur de projet [&hellip;]<\/p>\n","protected":false},"author":1,"featured_media":0,"parent":0,"menu_order":0,"comment_status":"closed","ping_status":"closed","template":"blank","meta":{"footnotes":""},"_links":{"self":[{"href":"https:\/\/will-company.be\/index.php\/wp-json\/wp\/v2\/pages\/256"}],"collection":[{"href":"https:\/\/will-company.be\/index.php\/wp-json\/wp\/v2\/pages"}],"about":[{"href":"https:\/\/will-company.be\/index.php\/wp-json\/wp\/v2\/types\/page"}],"author":[{"embeddable":true,"href":"https:\/\/will-company.be\/index.php\/wp-json\/wp\/v2\/users\/1"}],"replies":[{"embeddable":true,"href":"https:\/\/will-company.be\/index.php\/wp-json\/wp\/v2\/comments?post=256"}],"version-history":[{"count":16,"href":"https:\/\/will-company.be\/index.php\/wp-json\/wp\/v2\/pages\/256\/revisions"}],"predecessor-version":[{"id":478,"href":"https:\/\/will-company.be\/index.php\/wp-json\/wp\/v2\/pages\/256\/revisions\/478"}],"wp:attachment":[{"href":"https:\/\/will-company.be\/index.php\/wp-json\/wp\/v2\/media?parent=256"}],"curies":[{"name":"wp","href":"https:\/\/api.w.org\/{rel}","templated":true}]}}