{"id":263,"date":"2024-02-12T19:26:45","date_gmt":"2024-02-12T18:26:45","guid":{"rendered":"https:\/\/will-company.be\/?page_id=263"},"modified":"2024-06-05T14:15:03","modified_gmt":"2024-06-05T12:15:03","slug":"pepites-2","status":"publish","type":"page","link":"https:\/\/will-company.be\/index.php\/pepites-2\/","title":{"rendered":"PEPITES"},"content":{"rendered":"\n<figure class=\"wp-block-image size-full is-resized\"><a href=\"https:\/\/will-company.be\/\"><img loading=\"lazy\" decoding=\"async\" width=\"164\" height=\"148\" src=\"https:\/\/will-company.be\/wp-content\/uploads\/2024\/02\/home-6.png\" alt=\"\" class=\"wp-image-378\" style=\"width:80px;height:auto\"\/><\/a><\/figure>\n\n\n\n<figure class=\"wp-block-image aligncenter size-full\"><img loading=\"lazy\" decoding=\"async\" width=\"188\" height=\"77\" src=\"https:\/\/will-company.be\/wp-content\/uploads\/2024\/02\/pepites.png\" alt=\"\" class=\"wp-image-50\"\/><\/figure>\n\n\n\n<figure class=\"wp-block-image size-large\"><img loading=\"lazy\" decoding=\"async\" width=\"1024\" height=\"576\" src=\"https:\/\/will-company.be\/wp-content\/uploads\/2024\/03\/enneagramme-1403-pepites-1024x576.png\" alt=\"\" class=\"wp-image-400\" srcset=\"https:\/\/will-company.be\/wp-content\/uploads\/2024\/03\/enneagramme-1403-pepites-1024x576.png 1024w, https:\/\/will-company.be\/wp-content\/uploads\/2024\/03\/enneagramme-1403-pepites-300x169.png 300w, https:\/\/will-company.be\/wp-content\/uploads\/2024\/03\/enneagramme-1403-pepites-768x432.png 768w, https:\/\/will-company.be\/wp-content\/uploads\/2024\/03\/enneagramme-1403-pepites.png 1280w\" sizes=\"(max-width: 1024px) 100vw, 1024px\" \/><\/figure>\n\n\n\n<p class=\"has-primary-color has-text-color has-link-color wp-elements-94e4ee9ca67ea5b067be9b08fcd0d7bf\">Plus jamais seul<\/p>\n\n\n\n<p class=\"has-primary-color has-text-color has-link-color wp-elements-a90d5326b5bcfc159c7a07e474d7e435\">\ud83d\ude80Qui sont ces personnes qui constituent le groupe \u00ab P\u00e9pites 2024 \u00bb \u2753<br>\u2753 Comment \u00e7a marche ce TRUC \u2753<br><br>\ud83c\udf1f\u2728 Ce sont des entrepreneurs passionn\u00e9s, des dirigeants d&rsquo;entreprise ambitieux, des ind\u00e9pendants d\u00e9termin\u00e9s et m\u00eame des futurs repreneurs d&rsquo;entreprise ! Ils recherchent un accompagnement sur mesure, pragmatique et bienveillant pour propulser leur projet vers le succ\u00e8s. Ils aiment les d\u00e9fis, le partage d&rsquo;exp\u00e9riences et savent que \u00ab seul on va plus vite, ensemble on va plus loin \u00bb.<br>\ud83d\udce3 Mon programme \u00ab P\u00e9pites \u00bb est con\u00e7u pour r\u00e9pondre \u00e0 leurs besoins !<br>Le programme repose sur des outils concrets et d\u00e9marre avec 2 jours intenses en groupe de 10, chez CM Conseil \u00e0 Neufch\u00e2teau (<a href=\"https:\/\/www.cm-conseil.be\/\">https:\/\/www.cm-conseil.be<\/a>). Ces journ\u00e9es sont d\u00e9di\u00e9es \u00e0 la d\u00e9couverte \u00ab\u00a0des bases\u00a0\u00bb de chacun \u00e0 travers l&rsquo;outil exclusif \u00abEnn\u00e9agramme de l\u2019entrepreneur \u00bb, pr\u00e9par\u00e9 sp\u00e9cialement pour notre programme en collaboration avec <a href=\"https:\/\/www.linkedin.com\/in\/ACoAAAse5eYBdo5sBiWWt-FWj27GVQe06038v3A\"><\/a><a href=\"https:\/\/www.linkedin.com\/in\/catherine-martin-2b259752\/\">Catherine Martin<\/a>.<br><br>\u25b6 L&rsquo;Enn\u00e9agramme de l\u2019entrepreneur permet une meilleure compr\u00e9hension de son propre fonctionnement et demeure un atout pr\u00e9cieux pour la gestion humaine de son propre personnel.<br><br>\u25b6 Le programme se d\u00e9ploie ensuite sur 12 mois, offrant \u00e0 chaque<br>P\u00e9pite 3 heures de coaching individuel et sur mesure, ainsi que des \u00e9changes<br>enrichissants avec le groupe (conseils, bonnes pratiques, r\u00e9seautage exposant 31\u2026).<br><br>\u25b6 Chaque P\u00e9pite aura l&rsquo;occasion d&rsquo;\u00eatre pr\u00e9sent\u00e9e individuellement sur nos r\u00e9seaux sociaux cette ann\u00e9e.<br><br>Pour garantir un suivi de qualit\u00e9, nous avons d\u00e9cid\u00e9 de limiter<br>l&rsquo;acc\u00e8s au groupe P\u00e9pite 2024 \u00e0 30 entrepreneurs .\u00a0 <\/p>\n\n\n\n<p class=\"has-primary-color has-text-color has-link-color wp-elements-f4410936c80836ffab619190e2cfec74\">Renseignements, tarifs et inscriptions : \ud83d\udce7&nbsp;<a href=\"mailto:info@will-company.be\">info@will-company.be<\/a><\/p>\n\n\n\n<figure class=\"wp-block-image size-large\"><img loading=\"lazy\" decoding=\"async\" width=\"1024\" height=\"651\" src=\"https:\/\/will-company.be\/wp-content\/uploads\/2024\/03\/DSC_2275-1024x651.jpg\" alt=\"\" class=\"wp-image-414\" srcset=\"https:\/\/will-company.be\/wp-content\/uploads\/2024\/03\/DSC_2275-1024x651.jpg 1024w, https:\/\/will-company.be\/wp-content\/uploads\/2024\/03\/DSC_2275-300x191.jpg 300w, https:\/\/will-company.be\/wp-content\/uploads\/2024\/03\/DSC_2275-768x488.jpg 768w, https:\/\/will-company.be\/wp-content\/uploads\/2024\/03\/DSC_2275-1536x977.jpg 1536w, https:\/\/will-company.be\/wp-content\/uploads\/2024\/03\/DSC_2275.jpg 2048w\" sizes=\"(max-width: 1024px) 100vw, 1024px\" \/><\/figure>\n","protected":false},"excerpt":{"rendered":"<p>Plus jamais seul \ud83d\ude80Qui sont ces personnes qui constituent le groupe \u00ab P\u00e9pites 2024 \u00bb \u2753\u2753 Comment \u00e7a marche ce TRUC \u2753 \ud83c\udf1f\u2728 Ce sont des entrepreneurs passionn\u00e9s, des dirigeants d&rsquo;entreprise ambitieux, des ind\u00e9pendants d\u00e9termin\u00e9s et m\u00eame des futurs repreneurs d&rsquo;entreprise ! Ils recherchent un accompagnement sur mesure, pragmatique et bienveillant pour propulser leur projet [&hellip;]<\/p>\n","protected":false},"author":1,"featured_media":0,"parent":0,"menu_order":0,"comment_status":"closed","ping_status":"closed","template":"blank","meta":{"footnotes":""},"_links":{"self":[{"href":"https:\/\/will-company.be\/index.php\/wp-json\/wp\/v2\/pages\/263"}],"collection":[{"href":"https:\/\/will-company.be\/index.php\/wp-json\/wp\/v2\/pages"}],"about":[{"href":"https:\/\/will-company.be\/index.php\/wp-json\/wp\/v2\/types\/page"}],"author":[{"embeddable":true,"href":"https:\/\/will-company.be\/index.php\/wp-json\/wp\/v2\/users\/1"}],"replies":[{"embeddable":true,"href":"https:\/\/will-company.be\/index.php\/wp-json\/wp\/v2\/comments?post=263"}],"version-history":[{"count":10,"href":"https:\/\/will-company.be\/index.php\/wp-json\/wp\/v2\/pages\/263\/revisions"}],"predecessor-version":[{"id":434,"href":"https:\/\/will-company.be\/index.php\/wp-json\/wp\/v2\/pages\/263\/revisions\/434"}],"wp:attachment":[{"href":"https:\/\/will-company.be\/index.php\/wp-json\/wp\/v2\/media?parent=263"}],"curies":[{"name":"wp","href":"https:\/\/api.w.org\/{rel}","templated":true}]}}