{"id":275,"date":"2024-02-13T09:04:26","date_gmt":"2024-02-13T08:04:26","guid":{"rendered":"https:\/\/will-company.be\/?page_id=275"},"modified":"2024-08-29T15:37:52","modified_gmt":"2024-08-29T13:37:52","slug":"will-company","status":"publish","type":"page","link":"https:\/\/will-company.be\/index.php\/will-company\/","title":{"rendered":"WILL COMPANY"},"content":{"rendered":"\n<figure class=\"wp-block-image size-full is-resized\"><a href=\"https:\/\/will-company.be\/\"><img loading=\"lazy\" decoding=\"async\" width=\"164\" height=\"148\" src=\"https:\/\/will-company.be\/wp-content\/uploads\/2024\/02\/home-8.png\" alt=\"\" class=\"wp-image-383\" style=\"width:91px;height:auto\"\/><\/a><\/figure>\n\n\n\n<figure class=\"wp-block-image size-full is-resized\"><img loading=\"lazy\" decoding=\"async\" width=\"405\" height=\"311\" src=\"https:\/\/will-company.be\/wp-content\/uploads\/2024\/02\/Capture-decran-2024-01-15-154951.png\" alt=\"\" class=\"wp-image-97\" style=\"width:129px;height:auto\" srcset=\"https:\/\/will-company.be\/wp-content\/uploads\/2024\/02\/Capture-decran-2024-01-15-154951.png 405w, https:\/\/will-company.be\/wp-content\/uploads\/2024\/02\/Capture-decran-2024-01-15-154951-300x230.png 300w\" sizes=\"(max-width: 405px) 100vw, 405px\" \/><\/figure>\n\n\n\n<p class=\"has-primary-color has-text-color has-link-color wp-elements-5ef1fbc1a8f6848336fea29f648dfca4\">Will Company, fond\u00e9 par Dominique Gugumus, est bien plus qu&rsquo;un service d&rsquo;accompagnement<br>entrepreneurial. C&rsquo;est un concept qui vise \u00e0 transformer les entrepreneurs en \u201centrepreneurs<br>autonomes et passionn\u00e9s\u201d, \u00e0 sublimer leur volont\u00e9 d&rsquo;entreprendre (leur WILL), et \u00e0 les guider pour exploiter le plein potentiel de leur projet.<\/p>\n\n\n\n<p class=\"has-primary-color has-text-color has-link-color wp-elements-cc63f5b848b2a33bd567e1a451015df0\">Will (volont\u00e9) \/Company (accompagnement).<\/p>\n\n\n\n<p class=\"has-primary-color has-text-color has-link-color wp-elements-0a89aac32b8b22ababe76289c08b42d0\"><br>A travers ce concept, Dominique apporte son exp\u00e9rience financi\u00e8re et commerciales, son enthousiasme et permet \u00e0 chacun d&rsquo;exploiter pleinement le pouvoir de sa passion. <\/p>\n\n\n\n<p class=\"has-primary-color has-text-color has-link-color wp-elements-b40e0ede9efaa1860fb9e49b381af7cc\">Sa mission est de booster l&rsquo;enthousiasme d\u00e9j\u00e0 pr\u00e9sent et de maintenir la focalisation sur les objectifs sans br\u00fbler les \u00e9tapes.<br>Will Company: \u00ab\u00a0o\u00f9 la passion et enthousiasme rencontrent le succ\u00e8s\u00a0\u00bb.<\/p>\n\n\n\n<figure class=\"wp-block-video\"><video controls src=\"https:\/\/will-company.be\/wp-content\/uploads\/2024\/08\/Will-company-Teambuilding-Final-By-Gogor-1-1.mp4\"><\/video><\/figure>\n","protected":false},"excerpt":{"rendered":"<p>Will Company, fond\u00e9 par Dominique Gugumus, est bien plus qu&rsquo;un service d&rsquo;accompagnemententrepreneurial. C&rsquo;est un concept qui vise \u00e0 transformer les entrepreneurs en \u201centrepreneursautonomes et passionn\u00e9s\u201d, \u00e0 sublimer leur volont\u00e9 d&rsquo;entreprendre (leur WILL), et \u00e0 les guider pour exploiter le plein potentiel de leur projet. Will (volont\u00e9) \/Company (accompagnement). A travers ce concept, Dominique apporte son [&hellip;]<\/p>\n","protected":false},"author":1,"featured_media":0,"parent":0,"menu_order":0,"comment_status":"closed","ping_status":"closed","template":"blank","meta":{"footnotes":""},"_links":{"self":[{"href":"https:\/\/will-company.be\/index.php\/wp-json\/wp\/v2\/pages\/275"}],"collection":[{"href":"https:\/\/will-company.be\/index.php\/wp-json\/wp\/v2\/pages"}],"about":[{"href":"https:\/\/will-company.be\/index.php\/wp-json\/wp\/v2\/types\/page"}],"author":[{"embeddable":true,"href":"https:\/\/will-company.be\/index.php\/wp-json\/wp\/v2\/users\/1"}],"replies":[{"embeddable":true,"href":"https:\/\/will-company.be\/index.php\/wp-json\/wp\/v2\/comments?post=275"}],"version-history":[{"count":7,"href":"https:\/\/will-company.be\/index.php\/wp-json\/wp\/v2\/pages\/275\/revisions"}],"predecessor-version":[{"id":474,"href":"https:\/\/will-company.be\/index.php\/wp-json\/wp\/v2\/pages\/275\/revisions\/474"}],"wp:attachment":[{"href":"https:\/\/will-company.be\/index.php\/wp-json\/wp\/v2\/media?parent=275"}],"curies":[{"name":"wp","href":"https:\/\/api.w.org\/{rel}","templated":true}]}}