{"id":285,"date":"2024-02-13T09:34:46","date_gmt":"2024-02-13T08:34:46","guid":{"rendered":"https:\/\/will-company.be\/?page_id=285"},"modified":"2024-06-04T15:56:21","modified_gmt":"2024-06-04T13:56:21","slug":"heroes-2","status":"publish","type":"page","link":"https:\/\/will-company.be\/index.php\/heroes-2\/","title":{"rendered":"HEROES"},"content":{"rendered":"\n<figure class=\"wp-block-image size-full is-resized\"><a href=\"https:\/\/will-company.be\/\"><img loading=\"lazy\" decoding=\"async\" width=\"164\" height=\"148\" src=\"https:\/\/will-company.be\/wp-content\/uploads\/2024\/02\/home-2.png\" alt=\"\" class=\"wp-image-370\" style=\"width:66px;height:auto\"\/><\/a><\/figure>\n\n\n\n<figure class=\"wp-block-image aligncenter size-full\"><img loading=\"lazy\" decoding=\"async\" width=\"202\" height=\"78\" src=\"https:\/\/will-company.be\/wp-content\/uploads\/2024\/02\/heroes.png\" alt=\"\" class=\"wp-image-51\"\/><\/figure>\n\n\n\n<p class=\"has-primary-color has-text-color has-link-color wp-elements-d80045e7852e56d5f88162671de9de7d\">D\u00e9veloppement de vos supers pouvoirs commerciaux !<\/p>\n\n\n\n<figure class=\"wp-block-image size-large\"><img loading=\"lazy\" decoding=\"async\" width=\"1024\" height=\"576\" src=\"https:\/\/will-company.be\/wp-content\/uploads\/2024\/04\/Heroes-1024x576.png\" alt=\"\" class=\"wp-image-428\" srcset=\"https:\/\/will-company.be\/wp-content\/uploads\/2024\/04\/Heroes-1024x576.png 1024w, https:\/\/will-company.be\/wp-content\/uploads\/2024\/04\/Heroes-300x169.png 300w, https:\/\/will-company.be\/wp-content\/uploads\/2024\/04\/Heroes-768x432.png 768w, https:\/\/will-company.be\/wp-content\/uploads\/2024\/04\/Heroes.png 1280w\" sizes=\"(max-width: 1024px) 100vw, 1024px\" \/><\/figure>\n\n\n\n<p class=\"has-primary-color has-text-color has-link-color wp-elements-5dc006d7f70077cb062050aaa51ba395\">Mais qui n\u2019a jamais r\u00eav\u00e9 un jour d\u2019avoir des superpouvoirs ? Ceux de pouvoir transformer les \u00ab NON \u00bb en opportunit\u00e9s, les \u00ab REFUS \u00bb en succ\u00e8s, la \u00ab PEUR \u00bb en r\u00e9ussite commerciale ?<\/p>\n\n\n\n<p class=\"has-primary-color has-text-color has-link-color wp-elements-f665277f743766a5654e2138fcfec417\">L\u2019\u00e9quipe MARVEL \u00e9tant quasiment compl\u00e8te, deviens le h\u00e9ros commercial de ton entreprise en r\u00e9v\u00e9lant tes SOFT SKILLS !<\/p>\n\n\n\n<p class=\"has-primary-color has-text-color has-link-color wp-elements-ad8567457035778c3569dbefef738332\">Mais qu&rsquo;est-ce que les \u00ab SOFT SKILLS \u00bb ? Quelques exemples :<\/p>\n\n\n\n<ul class=\"has-primary-color has-text-color has-link-color wp-elements-6dbdb86e1745175e2067f0e3ca456049\">\n<li>Les comp\u00e9tences comportementales (organisation, adaptabilit\u00e9, autonomie, gestion du stress\u2026).<\/li>\n\n\n\n<li>Les comp\u00e9tences relationnelles (communication, esprit d\u2019\u00e9quipe, empathie, n\u00e9gociation\u2026).<\/li>\n\n\n\n<li>Les comp\u00e9tences cognitives (m\u00e9moire, concentration, esprit critique, cr\u00e9ativit\u00e9\u2026).<\/li>\n<\/ul>\n\n\n\n<p class=\"has-primary-color has-text-color has-link-color wp-elements-dec57b4d1b0f68decc0b3694c86a2323\">Tu connais tout cela car certains sont d\u00e9j\u00e0 ancr\u00e9s en toi, mais les utilises-tu au quotidien dans ton activit\u00e9 pour \u00eatre encore plus fort ?<\/p>\n\n\n\n<p class=\"has-primary-color has-text-color has-link-color wp-elements-68dc86ff7bdc8e5bb475f1a62c2744ee\">Encore une fois, le point de d\u00e9part de ce programme commence chez CMConseil par une formation \u00e0 l\u2019enn\u00e9agramme \u00ab orientation commerciale \u00bb. Ensuite, nous travaillons ensemble sur un coaching individuel et la r\u00e9v\u00e9lation de tes SOFT SKILLS, comment les utiliser et les transformer en superpouvoirs commerciaux. Nous affinons ton PITCH, ta promesse et travaillons sur une approche directe et efficace de tes prospects. La pr\u00e9paration et la r\u00e9p\u00e9tition sont les cl\u00e9s du succ\u00e8s. Nous travaillons ensuite en \u00e9quipe si cela est n\u00e9cessaire pour d\u00e9voiler nos superpouvoirs et les mutualiser. Une belle aventure \u00e0 vivre pour progresser et tirer le meilleur de nous-m\u00eames.<\/p>\n","protected":false},"excerpt":{"rendered":"<p>D\u00e9veloppement de vos supers pouvoirs commerciaux ! Mais qui n\u2019a jamais r\u00eav\u00e9 un jour d\u2019avoir des superpouvoirs ? Ceux de pouvoir transformer les \u00ab NON \u00bb en opportunit\u00e9s, les \u00ab REFUS \u00bb en succ\u00e8s, la \u00ab PEUR \u00bb en r\u00e9ussite commerciale ? L\u2019\u00e9quipe MARVEL \u00e9tant quasiment compl\u00e8te, deviens le h\u00e9ros commercial de ton entreprise en [&hellip;]<\/p>\n","protected":false},"author":1,"featured_media":0,"parent":0,"menu_order":0,"comment_status":"closed","ping_status":"closed","template":"blank","meta":{"footnotes":""},"_links":{"self":[{"href":"https:\/\/will-company.be\/index.php\/wp-json\/wp\/v2\/pages\/285"}],"collection":[{"href":"https:\/\/will-company.be\/index.php\/wp-json\/wp\/v2\/pages"}],"about":[{"href":"https:\/\/will-company.be\/index.php\/wp-json\/wp\/v2\/types\/page"}],"author":[{"embeddable":true,"href":"https:\/\/will-company.be\/index.php\/wp-json\/wp\/v2\/users\/1"}],"replies":[{"embeddable":true,"href":"https:\/\/will-company.be\/index.php\/wp-json\/wp\/v2\/comments?post=285"}],"version-history":[{"count":6,"href":"https:\/\/will-company.be\/index.php\/wp-json\/wp\/v2\/pages\/285\/revisions"}],"predecessor-version":[{"id":430,"href":"https:\/\/will-company.be\/index.php\/wp-json\/wp\/v2\/pages\/285\/revisions\/430"}],"wp:attachment":[{"href":"https:\/\/will-company.be\/index.php\/wp-json\/wp\/v2\/media?parent=285"}],"curies":[{"name":"wp","href":"https:\/\/api.w.org\/{rel}","templated":true}]}}